{"id":1410,"date":"2016-11-25T15:04:03","date_gmt":"2016-11-25T14:04:03","guid":{"rendered":"https:\/\/www.locmat04.com\/?page_id=1410"},"modified":"2023-02-21T10:18:57","modified_gmt":"2023-02-21T09:18:57","slug":"espace-de-vente","status":"publish","type":"page","link":"https:\/\/www.locmat04.com\/index.php\/service\/outillage\/espace-de-vente\/","title":{"rendered":"Espace de vente"},"content":{"rendered":"<p>[vc_row full_width=\u00a0\u00bbstretch_row_content_no_spaces\u00a0\u00bb parallax=\u00a0\u00bbcontent-moving\u00a0\u00bb css=\u00a0\u00bb.vc_custom_1456145516199{padding-top: 250px !important;padding-bottom: 250px !important;background-color: #eaeaea !important;}\u00a0\u00bb][vc_column][\/vc_column][\/vc_row][vc_row css=\u00a0\u00bb.vc_custom_1453293187806{margin-top: -200px !important;background-color: #ffffff !important;}\u00a0\u00bb][vc_column css=\u00a0\u00bb.vc_custom_1423574892319{background-color: #ffffff !important;}\u00a0\u00bb][vc_custom_heading text=\u00a0\u00bbEspace de vente Gap Materiels\u00a0\u00bb font_container=\u00a0\u00bbtag:h2|font_size:46|text_align:left|color:%233a3a3a|line_height:1&Prime; google_fonts=\u00a0\u00bbfont_family:Montserrat%3Aregular%2C700|font_style:700%20bold%20regular%3A700%3Anormal\u00a0\u00bb css=\u00a0\u00bb.vc_custom_1481126898201{margin-top: 0px !important;padding-right: 200px !important;padding-bottom: 35px !important;}\u00a0\u00bb][vc_column_text css=\u00a0\u00bb.vc_custom_1481183970973{margin-bottom: 20px !important;}\u00a0\u00bb]<\/p>\n<h3 style=\"text-align: left;\"><img loading=\"lazy\" decoding=\"async\" class=\"alignleft wp-image-1679 \" src=\"https:\/\/www.locmat04.com\/wp-content\/uploads\/showroom.jpg\" width=\"612\" height=\"409\" srcset=\"https:\/\/www.locmat04.com\/wp-content\/uploads\/showroom.jpg 1200w, https:\/\/www.locmat04.com\/wp-content\/uploads\/showroom-300x200.jpg 300w, https:\/\/www.locmat04.com\/wp-content\/uploads\/showroom-768x513.jpg 768w, https:\/\/www.locmat04.com\/wp-content\/uploads\/showroom-1024x684.jpg 1024w\" sizes=\"auto, (max-width: 612px) 100vw, 612px\" \/>Pour vos besoins de tous les jours comme pour vos demandes particuli\u00e8res, nous vous proposons une gamme de produits\u00a0vari\u00e9s allant de la truelle au mat\u00e9riel topographique le plus sophistiqu\u00e9.<\/h3>\n<p>[\/vc_column_text][\/vc_column][\/vc_row]<\/p>\n","protected":false},"excerpt":{"rendered":"<p>[vc_row full_width=\u00a0\u00bbstretch_row_content_no_spaces\u00a0\u00bb parallax=\u00a0\u00bbcontent-moving\u00a0\u00bb css=\u00a0\u00bb.vc_custom_1456145516199{padding-top: 250px !important;padding-bottom: 250px !important;background-color: #eaeaea !important;}\u00a0\u00bb][vc_column][\/vc_column][\/vc_row][vc_row css=\u00a0\u00bb.vc_custom_1453293187806{margin-top: -200px !important;background-color: #ffffff !important;}\u00a0\u00bb][vc_column css=\u00a0\u00bb.vc_custom_1423574892319{background-color: #ffffff !important;}\u00a0\u00bb][vc_custom_heading text=\u00a0\u00bbEspace de vente &#8230;<\/p>\n","protected":false},"author":6,"featured_media":0,"parent":1200,"menu_order":0,"comment_status":"closed","ping_status":"closed","template":"","meta":{"footnotes":""},"class_list":["post-1410","page","type-page","status-publish","hentry"],"_links":{"self":[{"href":"https:\/\/www.locmat04.com\/index.php\/wp-json\/wp\/v2\/pages\/1410","targetHints":{"allow":["GET"]}}],"collection":[{"href":"https:\/\/www.locmat04.com\/index.php\/wp-json\/wp\/v2\/pages"}],"about":[{"href":"https:\/\/www.locmat04.com\/index.php\/wp-json\/wp\/v2\/types\/page"}],"author":[{"embeddable":true,"href":"https:\/\/www.locmat04.com\/index.php\/wp-json\/wp\/v2\/users\/6"}],"replies":[{"embeddable":true,"href":"https:\/\/www.locmat04.com\/index.php\/wp-json\/wp\/v2\/comments?post=1410"}],"version-history":[{"count":20,"href":"https:\/\/www.locmat04.com\/index.php\/wp-json\/wp\/v2\/pages\/1410\/revisions"}],"predecessor-version":[{"id":1684,"href":"https:\/\/www.locmat04.com\/index.php\/wp-json\/wp\/v2\/pages\/1410\/revisions\/1684"}],"up":[{"embeddable":true,"href":"https:\/\/www.locmat04.com\/index.php\/wp-json\/wp\/v2\/pages\/1200"}],"wp:attachment":[{"href":"https:\/\/www.locmat04.com\/index.php\/wp-json\/wp\/v2\/media?parent=1410"}],"curies":[{"name":"wp","href":"https:\/\/api.w.org\/{rel}","templated":true}]}}