{"id":1629,"date":"2016-12-07T15:55:18","date_gmt":"2016-12-07T14:55:18","guid":{"rendered":"https:\/\/www.locmat04.com\/?page_id=1629"},"modified":"2023-03-06T10:10:44","modified_gmt":"2023-03-06T09:10:44","slug":"soudage","status":"publish","type":"page","link":"https:\/\/www.locmat04.com\/index.php\/service\/outillage\/soudage\/","title":{"rendered":"Soudage"},"content":{"rendered":"<p>[vc_row][vc_column][vc_column_text]<\/p>\n<h2>MATERIEL DE SOUDAGE A L&rsquo; ARC, DE SOUDAGE A LA FLAMME ET DE PRODUITS ABRASIFS : Easyweld<\/h2>\n<div class=\"txt_contenu\">\n<p>EasyWeld est une marque fran\u00e7aise qui commercialise du mat\u00e9riel \u00e0 destination des professionnels du soudage<strong>.\u00a0<a href=\"http:\/\/www.easyweldfrance.com\/\" target=\"_blank\" rel=\"noopener\">Le site du constructeur<\/a><\/strong><\/p>\n<p><img loading=\"lazy\" decoding=\"async\" class=\"aligncenter size-medium wp-image-1631\" src=\"https:\/\/www.locmat04.com\/wp-content\/uploads\/EasyMig400SW-225x300.jpg\" alt=\"\" width=\"225\" height=\"300\" srcset=\"https:\/\/www.locmat04.com\/wp-content\/uploads\/EasyMig400SW-225x300.jpg 225w, https:\/\/www.locmat04.com\/wp-content\/uploads\/EasyMig400SW.jpg 600w\" sizes=\"auto, (max-width: 225px) 100vw, 225px\" \/><\/p>\n<p>&nbsp;<\/p>\n<\/div>\n<p>[\/vc_column_text][\/vc_column][\/vc_row]<\/p>\n","protected":false},"excerpt":{"rendered":"<p>[vc_row][vc_column][vc_column_text] MATERIEL DE SOUDAGE A L&rsquo; ARC, DE SOUDAGE A LA FLAMME ET DE PRODUITS ABRASIFS : Easyweld EasyWeld est une &#8230;<\/p>\n","protected":false},"author":6,"featured_media":0,"parent":1200,"menu_order":0,"comment_status":"closed","ping_status":"closed","template":"","meta":{"footnotes":""},"class_list":["post-1629","page","type-page","status-publish","hentry"],"_links":{"self":[{"href":"https:\/\/www.locmat04.com\/index.php\/wp-json\/wp\/v2\/pages\/1629","targetHints":{"allow":["GET"]}}],"collection":[{"href":"https:\/\/www.locmat04.com\/index.php\/wp-json\/wp\/v2\/pages"}],"about":[{"href":"https:\/\/www.locmat04.com\/index.php\/wp-json\/wp\/v2\/types\/page"}],"author":[{"embeddable":true,"href":"https:\/\/www.locmat04.com\/index.php\/wp-json\/wp\/v2\/users\/6"}],"replies":[{"embeddable":true,"href":"https:\/\/www.locmat04.com\/index.php\/wp-json\/wp\/v2\/comments?post=1629"}],"version-history":[{"count":7,"href":"https:\/\/www.locmat04.com\/index.php\/wp-json\/wp\/v2\/pages\/1629\/revisions"}],"predecessor-version":[{"id":12381,"href":"https:\/\/www.locmat04.com\/index.php\/wp-json\/wp\/v2\/pages\/1629\/revisions\/12381"}],"up":[{"embeddable":true,"href":"https:\/\/www.locmat04.com\/index.php\/wp-json\/wp\/v2\/pages\/1200"}],"wp:attachment":[{"href":"https:\/\/www.locmat04.com\/index.php\/wp-json\/wp\/v2\/media?parent=1629"}],"curies":[{"name":"wp","href":"https:\/\/api.w.org\/{rel}","templated":true}]}}