{"id":1647,"date":"2016-12-07T16:13:13","date_gmt":"2016-12-07T15:13:13","guid":{"rendered":"https:\/\/www.locmat04.com\/?page_id=1647"},"modified":"2023-03-06T10:07:28","modified_gmt":"2023-03-06T09:07:28","slug":"forets-fraises-lames","status":"publish","type":"page","link":"https:\/\/www.locmat04.com\/index.php\/forets-fraises-lames\/","title":{"rendered":"Forets, fraises, lames"},"content":{"rendered":"<p>[vc_row][vc_column][vc_column_text]<\/p>\n<h2>SCHILL OUTILLAGE SAS<\/h2>\n<p>Depuis plus de 50 ans, la soci\u00e9t\u00e9\u00a0SCHILL OUTILLAGE SAS est active dans la vente vers la distribution professionnelle.<br \/>\nEn 2008 SCHILL OUTILLAGE\u00a0fusionne avec PROJAHN\/S2F. D\u00e9sormais sous le th\u00e8me \u00ab\u00a0notre union fera votre force\u00a0\u00bb la strat\u00e9gie de l&rsquo;entreprise est d&rsquo;\u00eatre le partenaire fiable de la distribution de d\u00e9tail dans les secteurs de la Fourniture industrielle ainsi que la Quincaillerie.\u00a0<em>Vid\u00e9o schill\u00a0outillage sas<\/em>\u00a0<a href=\"http:\/\/www.schill.fr\/home\/\" target=\"_blank\" rel=\"noopener\"><strong>Le site<\/strong><\/a><\/p>\n<p><iframe loading=\"lazy\" title=\"Foret marteau Rocket - Schill\/Projahn\" width=\"800\" height=\"450\" src=\"https:\/\/www.youtube.com\/embed\/cV1GaPIECVE?feature=oembed\" frameborder=\"0\" allow=\"accelerometer; autoplay; clipboard-write; encrypted-media; gyroscope; picture-in-picture; web-share\" allowfullscreen><\/iframe><\/p>\n<p>[\/vc_column_text][\/vc_column][\/vc_row]<\/p>\n","protected":false},"excerpt":{"rendered":"<p>[vc_row][vc_column][vc_column_text] SCHILL OUTILLAGE SAS Depuis plus de 50 ans, la soci\u00e9t\u00e9\u00a0SCHILL OUTILLAGE SAS est active dans la vente vers la distribution &#8230;<\/p>\n","protected":false},"author":6,"featured_media":0,"parent":0,"menu_order":0,"comment_status":"closed","ping_status":"closed","template":"","meta":{"footnotes":""},"class_list":["post-1647","page","type-page","status-publish","hentry"],"_links":{"self":[{"href":"https:\/\/www.locmat04.com\/index.php\/wp-json\/wp\/v2\/pages\/1647","targetHints":{"allow":["GET"]}}],"collection":[{"href":"https:\/\/www.locmat04.com\/index.php\/wp-json\/wp\/v2\/pages"}],"about":[{"href":"https:\/\/www.locmat04.com\/index.php\/wp-json\/wp\/v2\/types\/page"}],"author":[{"embeddable":true,"href":"https:\/\/www.locmat04.com\/index.php\/wp-json\/wp\/v2\/users\/6"}],"replies":[{"embeddable":true,"href":"https:\/\/www.locmat04.com\/index.php\/wp-json\/wp\/v2\/comments?post=1647"}],"version-history":[{"count":6,"href":"https:\/\/www.locmat04.com\/index.php\/wp-json\/wp\/v2\/pages\/1647\/revisions"}],"predecessor-version":[{"id":12376,"href":"https:\/\/www.locmat04.com\/index.php\/wp-json\/wp\/v2\/pages\/1647\/revisions\/12376"}],"wp:attachment":[{"href":"https:\/\/www.locmat04.com\/index.php\/wp-json\/wp\/v2\/media?parent=1647"}],"curies":[{"name":"wp","href":"https:\/\/api.w.org\/{rel}","templated":true}]}}