{"id":21,"date":"2015-02-05T10:21:41","date_gmt":"2015-02-05T10:21:41","guid":{"rendered":"http:\/\/demo.wpcharming.com\/construction\/?page_id=21"},"modified":"2023-03-06T10:11:33","modified_gmt":"2023-03-06T09:11:33","slug":"qui-sommes-nous","status":"publish","type":"page","link":"https:\/\/www.locmat04.com\/index.php\/qui-sommes-nous\/","title":{"rendered":"Qui sommes nous ?"},"content":{"rendered":"<p>[vc_row padding_top=\u00a0\u00bb10&Prime; padding_bottom=\u00a0\u00bb10&Prime;][vc_column width=\u00a0\u00bb1\/2&Prime;]\n\t<div class=\"wpb_content_element featured-box \" >\n\t\t\t<div class=\"featured-box-thumb\"><img decoding=\"async\" src=\"https:\/\/www.locmat04.com\/wp-content\/uploads\/rouleau-gap-materiels-600x300.jpg\">\n\t\t\t<\/div>\n\t<\/div>\n\t<div class=\"custom-heading wpb_content_element  heading-medium\">\n\t\t<h2 class=\"heading-title\" >INTRO <\/h2>\n\t\t<span class=\"heading-line primary\"><\/span>\n\t<\/div>[vc_column_text]Depuis<strong> plus de 30 ans<\/strong>\u00a0dans le d\u00e9partement des Hautes-Alpes notre priorit\u00e9 a toujours \u00e9t\u00e9 le service pour la r\u00e9alisation de vos chantiers.<br \/>\nPrestataire de services dans de multiples secteurs du BTP, de la manutention et de l&rsquo;\u00e9v\u00e9nementiel \u00a0notre s\u00e9rieux est reconnu de tous.[\/vc_column_text][\/vc_column][vc_column width=\u00a0\u00bb1\/2&Prime;][vc_single_image image=\u00a0\u00bb1224&Prime; img_size=\u00a0\u00bbmedium-thumb\u00a0\u00bb]\n\t<div class=\"custom-heading wpb_content_element  heading-medium\">\n\t\t<h2 class=\"heading-title\" >Que faisons nous ?<\/h2>\n\t\t<span class=\"heading-line primary\"><\/span>\n\t<\/div>[vc_column_text]Toujours au service de nos clients, nous sommes \u00e0 leur c\u00f4t\u00e9 pour leur apporter toutes les solutions dans la r\u00e9alisation de leurs chantiers.[\/vc_column_text][\/vc_column][\/vc_row][vc_row padding_bottom=\u00a0\u00bb0&Prime;][vc_column][\/vc_column][\/vc_row]<\/p>\n","protected":false},"excerpt":{"rendered":"<p>[vc_row padding_top=\u00a0\u00bb10&Prime; padding_bottom=\u00a0\u00bb10&Prime;][vc_column width=\u00a0\u00bb1\/2&Prime;][vc_column_text]Depuis plus de 30 ans\u00a0dans le d\u00e9partement des Hautes-Alpes notre priorit\u00e9 a toujours \u00e9t\u00e9 le service pour la &#8230;<\/p>\n","protected":false},"author":6,"featured_media":0,"parent":0,"menu_order":0,"comment_status":"open","ping_status":"open","template":"","meta":{"footnotes":""},"class_list":["post-21","page","type-page","status-publish","hentry"],"_links":{"self":[{"href":"https:\/\/www.locmat04.com\/index.php\/wp-json\/wp\/v2\/pages\/21","targetHints":{"allow":["GET"]}}],"collection":[{"href":"https:\/\/www.locmat04.com\/index.php\/wp-json\/wp\/v2\/pages"}],"about":[{"href":"https:\/\/www.locmat04.com\/index.php\/wp-json\/wp\/v2\/types\/page"}],"author":[{"embeddable":true,"href":"https:\/\/www.locmat04.com\/index.php\/wp-json\/wp\/v2\/users\/6"}],"replies":[{"embeddable":true,"href":"https:\/\/www.locmat04.com\/index.php\/wp-json\/wp\/v2\/comments?post=21"}],"version-history":[{"count":10,"href":"https:\/\/www.locmat04.com\/index.php\/wp-json\/wp\/v2\/pages\/21\/revisions"}],"predecessor-version":[{"id":1538,"href":"https:\/\/www.locmat04.com\/index.php\/wp-json\/wp\/v2\/pages\/21\/revisions\/1538"}],"wp:attachment":[{"href":"https:\/\/www.locmat04.com\/index.php\/wp-json\/wp\/v2\/media?parent=21"}],"curies":[{"name":"wp","href":"https:\/\/api.w.org\/{rel}","templated":true}]}}