{"id":2213,"date":"2018-01-16T14:24:22","date_gmt":"2018-01-16T13:24:22","guid":{"rendered":"https:\/\/www.locmat04.com\/?page_id=2213"},"modified":"2018-01-26T10:51:49","modified_gmt":"2018-01-26T09:51:49","slug":"securite-signalisation","status":"publish","type":"page","link":"https:\/\/www.locmat04.com\/index.php\/service\/outillage\/espace-de-vente\/securite-signalisation\/","title":{"rendered":"S\u00e9curit\u00e9 &#8211; signalisation"},"content":{"rendered":"<p>[vc_row][vc_column width=\u00a0\u00bb1\/2&Prime;][vc_column_text]<strong><img loading=\"lazy\" decoding=\"async\" class=\"alignnone size-full wp-image-2449\" src=\"https:\/\/www.locmat04.com\/wp-content\/uploads\/nadia.png\" alt=\"\" width=\"183\" height=\"97\" \/><\/strong><\/p>\n<p><strong>Poteaux de balisage-balise de signalisation<\/strong><\/p>\n<p><strong>Panneaux de signalisation- rubalise- barri\u00e8re de s\u00e9curit\u00e9<\/strong><\/p>\n<p><img loading=\"lazy\" decoding=\"async\" class=\"alignnone wp-image-2279\" src=\"https:\/\/www.locmat04.com\/wp-content\/uploads\/CONES-300x193.png\" alt=\"\" width=\"238\" height=\"153\" srcset=\"https:\/\/www.locmat04.com\/wp-content\/uploads\/CONES-300x193.png 300w, https:\/\/www.locmat04.com\/wp-content\/uploads\/CONES.png 584w\" sizes=\"auto, (max-width: 238px) 100vw, 238px\" \/><\/p>\n<p><img loading=\"lazy\" decoding=\"async\" class=\" wp-image-2312 alignnone\" src=\"https:\/\/www.locmat04.com\/wp-content\/uploads\/signalisation-300x185.png\" alt=\"\" width=\"224\" height=\"138\" srcset=\"https:\/\/www.locmat04.com\/wp-content\/uploads\/signalisation-300x185.png 300w, https:\/\/www.locmat04.com\/wp-content\/uploads\/signalisation.png 478w\" sizes=\"auto, (max-width: 224px) 100vw, 224px\" \/><\/p>\n<p><a href=\"http:\/\/www.nadia-europ.com\/\">http:\/\/www.nadia-europ.com\/<\/a>[\/vc_column_text][\/vc_column][vc_column width=\u00a0\u00bb1\/2&Prime;][vc_column_text]<img loading=\"lazy\" decoding=\"async\" class=\"alignnone wp-image-2450\" src=\"https:\/\/www.locmat04.com\/wp-content\/uploads\/tts-1.png\" alt=\"\" width=\"148\" height=\"110\" \/><\/p>\n<p><strong>Feux de chantier- Panneaux lumineux<\/strong><\/p>\n<p><img loading=\"lazy\" decoding=\"async\" class=\"alignnone size-medium wp-image-2452\" src=\"https:\/\/www.locmat04.com\/wp-content\/uploads\/tts3-300x153.png\" alt=\"\" width=\"300\" height=\"153\" srcset=\"https:\/\/www.locmat04.com\/wp-content\/uploads\/tts3-300x153.png 300w, https:\/\/www.locmat04.com\/wp-content\/uploads\/tts3.png 327w\" sizes=\"auto, (max-width: 300px) 100vw, 300px\" \/><img loading=\"lazy\" decoding=\"async\" class=\"alignnone size-medium wp-image-2451\" src=\"https:\/\/www.locmat04.com\/wp-content\/uploads\/tts1-1-89x300.png\" alt=\"\" width=\"89\" height=\"300\" srcset=\"https:\/\/www.locmat04.com\/wp-content\/uploads\/tts1-1-89x300.png 89w, https:\/\/www.locmat04.com\/wp-content\/uploads\/tts1-1.png 155w\" sizes=\"auto, (max-width: 89px) 100vw, 89px\" \/><\/p>\n<p><a href=\"https:\/\/www.ttsys.fr\/\">https:\/\/www.ttsys.fr\/<\/a>[\/vc_column_text][\/vc_column][\/vc_row]<\/p>\n","protected":false},"excerpt":{"rendered":"<p>[vc_row][vc_column width=\u00a0\u00bb1\/2&Prime;][vc_column_text] Poteaux de balisage-balise de signalisation Panneaux de signalisation- rubalise- barri\u00e8re de s\u00e9curit\u00e9 http:\/\/www.nadia-europ.com\/[\/vc_column_text][\/vc_column][vc_column width=\u00a0\u00bb1\/2&Prime;][vc_column_text] Feux de chantier- Panneaux lumineux &#8230;<\/p>\n","protected":false},"author":6,"featured_media":0,"parent":1410,"menu_order":0,"comment_status":"closed","ping_status":"closed","template":"","meta":{"footnotes":""},"class_list":["post-2213","page","type-page","status-publish","hentry"],"_links":{"self":[{"href":"https:\/\/www.locmat04.com\/index.php\/wp-json\/wp\/v2\/pages\/2213","targetHints":{"allow":["GET"]}}],"collection":[{"href":"https:\/\/www.locmat04.com\/index.php\/wp-json\/wp\/v2\/pages"}],"about":[{"href":"https:\/\/www.locmat04.com\/index.php\/wp-json\/wp\/v2\/types\/page"}],"author":[{"embeddable":true,"href":"https:\/\/www.locmat04.com\/index.php\/wp-json\/wp\/v2\/users\/6"}],"replies":[{"embeddable":true,"href":"https:\/\/www.locmat04.com\/index.php\/wp-json\/wp\/v2\/comments?post=2213"}],"version-history":[{"count":8,"href":"https:\/\/www.locmat04.com\/index.php\/wp-json\/wp\/v2\/pages\/2213\/revisions"}],"predecessor-version":[{"id":2453,"href":"https:\/\/www.locmat04.com\/index.php\/wp-json\/wp\/v2\/pages\/2213\/revisions\/2453"}],"up":[{"embeddable":true,"href":"https:\/\/www.locmat04.com\/index.php\/wp-json\/wp\/v2\/pages\/1410"}],"wp:attachment":[{"href":"https:\/\/www.locmat04.com\/index.php\/wp-json\/wp\/v2\/media?parent=2213"}],"curies":[{"name":"wp","href":"https:\/\/api.w.org\/{rel}","templated":true}]}}