{"id":623,"date":"2015-02-26T07:58:43","date_gmt":"2015-02-26T07:58:43","guid":{"rendered":"http:\/\/demo.wpcharming.com\/construction\/?page_id=623"},"modified":"2023-03-06T10:11:40","modified_gmt":"2023-03-06T09:11:40","slug":"temoignages","status":"publish","type":"page","link":"https:\/\/www.locmat04.com\/index.php\/temoignages\/","title":{"rendered":"Temoignages"},"content":{"rendered":"<p>[vc_row row_type=\u00a0\u00bbrow_full_center_content\u00a0\u00bb][vc_column width=\u00a0\u00bb1\/2&Prime;]\n\t<div class=\"custom-heading wpb_content_element \">\n\t\t<h2 class=\"heading-title\" >T\u00e9moignages<\/h2>\n\t\t<span class=\"heading-line primary\"><\/span>\n\t<\/div>[\/vc_column][\/vc_row][vc_row row_type=\u00a0\u00bbrow_full_center_content\u00a0\u00bb row_meta_color=\u00a0\u00bbfalse\u00a0\u00bb padding_top=\u00a0\u00bb70&Prime;][vc_column width=\u00a0\u00bb1\/3&Prime;]\n\t<div class=\"testimonial inverted\">\n\t\t<div class=\"testimonial-content\">\n\t\t\t<p>S\u00e9bastien Ogier, Champion du Monde des Rallyes WRC 2013, 2014, 2015, 2016 remercie GAP MATERIEL pour son aide logistique<\/p>\n\t\t<\/div>\n\t\t<div class=\"testimonial-header clearfix\">\n\t\t\t\t<div class=\"testimonial-avatar\"><img decoding=\"async\" src=\"https:\/\/www.locmat04.com\/wp-content\/uploads\/Logo-Ogier-CE-2.jpg\" alt=\"S\u00e9bastien Ogier Champion du Monde des Rallyes WRC 2013, 2014, 2015, 2016 \"><\/div>\n\t\t\t<div class=\"testimonial-name font-heading\">S\u00e9bastien Ogier Champion du Monde des Rallyes WRC 2013, 2014, 2015, 2016 <\/div>\n\t\t<\/div>\n\t<\/div>[\/vc_column][vc_column width=\u00a0\u00bb1\/3&Prime;]\n\t<div class=\"testimonial inverted\">\n\t\t<div class=\"testimonial-content\">\n\t\t\t<p>Gap Mat\u00e9riels est pour moi une entreprise incontournable dans le domaine de<br \/>\nla location et de la vente, \u00e0 l \u00e9coute de ces clients ,<br \/>\ns\u00e9rieuse , r\u00e9active et dynamique.<br \/>\n20 ans que j'ai total confiance en cette entreprise .<br \/>\nAmiti\u00e9.<\/p>\n\t\t<\/div>\n\t\t<div class=\"testimonial-header clearfix\">\n\t\t\t\t<div class=\"testimonial-avatar\"><img decoding=\"async\" src=\"https:\/\/www.locmat04.com\/wp-content\/uploads\/Thibault.jpg\" alt=\"Patrice Thibault multi-champion de France de trial\"><\/div>\n\t\t\t<div class=\"testimonial-name font-heading\">Patrice Thibault multi-champion de France de trial<\/div>\n\t\t<\/div>\n\t<\/div>[\/vc_column][vc_column width=\u00a0\u00bb1\/3&Prime;]\n\t<div class=\"testimonial inverted\">\n\t\t<div class=\"testimonial-content\">\n\t\t\t<p>Je remercie chaleureusement toute l'\u00e9quipe GAPMAT pour son soutien et son professionalisme.<\/p>\n\t\t<\/div>\n\t\t<div class=\"testimonial-header clearfix\">\n\t\t\t\t<div class=\"testimonial-avatar\"><img decoding=\"async\" src=\"https:\/\/www.locmat04.com\/wp-content\/uploads\/Escallier-1.jpg\" alt=\"Simon Escallier champion d&#039;Europe Euronascar\"><\/div>\n\t\t\t<div class=\"testimonial-name font-heading\">Simon Escallier champion d&#039;Europe Euronascar<\/div>\n\t\t<\/div>\n\t<\/div>[\/vc_column][\/vc_row][vc_row row_type=\u00a0\u00bbrow_full_center_content\u00a0\u00bb padding_top=\u00a0\u00bb80&Prime; padding_bottom=\u00a0\u00bb60&Prime;][vc_column width=\u00a0\u00bb1\/2&Prime;]\n\t<div class=\"testimonial\">\n\t\t<div class=\"testimonial-content\">\n\t\t\t<p>Au top ! GAP MATERIELS est LA r\u00e9f\u00e9rence haut-Alpine de la location de mat\u00e9riels. Un grand bravo \u00e0 toute l'\u00e9quipe pour sa disponibilit\u00e9 et son professionnalisme.<\/p>\n\t\t<\/div>\n\t\t<div class=\"testimonial-header clearfix\">\n\t\t\t\t<div class=\"testimonial-avatar\"><img decoding=\"async\" src=\"https:\/\/www.locmat04.com\/wp-content\/uploads\/xavier-cortial.jpg\" alt=\"xavier Cortial, St\u00e9 Design Publicit\u00e9 05130 Tallard.\"><\/div>\n\t\t\t<div class=\"testimonial-name font-heading\">xavier Cortial, St\u00e9 Design Publicit\u00e9 05130 Tallard.<\/div>\n\t\t<\/div>\n\t<\/div>\n\t<div class=\"testimonial\">\n\t\t<div class=\"testimonial-content\">\n\t\t\t<p><\/p>\n<p>\u00ab Apprenti bricoleur ou expert on peut faire confiance \u00e0 toute l\u2019\u00e9quipe de GAP Mat\u00e9riel toujours r\u00e9active et professionnelle ! Une fiert\u00e9 de travailler avec cette entreprise sur sa commune pour r\u00e9pondre \u00e0 ses attentes \u00bb<\/p>\n<p>Alain BERNARD<\/p>\n\t\t<\/div>\n\t\t<div class=\"testimonial-header clearfix\">\n\t\t\t\t<div class=\"testimonial-avatar\"><img decoding=\"async\" src=\"https:\/\/www.locmat04.com\/wp-content\/uploads\/ab.jpg\" alt=\"Alain Bernard\"><\/div>\n\t\t\t<div class=\"testimonial-name font-heading\">Alain Bernard<\/div>\n\t\t<\/div>\n\t<\/div>[\/vc_column][vc_column width=\u00a0\u00bb1\/2&Prime;]\n\t<div class=\"testimonial\">\n\t\t<div class=\"testimonial-content\">\n\t\t\t<p>Gap mat\u00e9riel... une \u00e9quipe passionn\u00e9e et comp\u00e9tente qui saura vous trouver toutes les solutions pour mener \u00e0 bien vos projets m\u00eame les plus ``freestyle``<\/p>\n\t\t<\/div>\n\t\t<div class=\"testimonial-header clearfix\">\n\t\t\t\t<div class=\"testimonial-avatar\"><img decoding=\"async\" src=\"https:\/\/www.locmat04.com\/wp-content\/uploads\/5-3-2.jpg\" alt=\"Mathias Wecxsteen champion du monde de ski acrobatique\"><\/div>\n\t\t\t<div class=\"testimonial-name font-heading\">Mathias Wecxsteen champion du monde de ski acrobatique<\/div>\n\t\t<\/div>\n\t<\/div>[\/vc_column][\/vc_row]<\/p>\n","protected":false},"excerpt":{"rendered":"<p>[vc_row row_type=\u00a0\u00bbrow_full_center_content\u00a0\u00bb][vc_column width=\u00a0\u00bb1\/2&Prime;][\/vc_column][\/vc_row][vc_row row_type=\u00a0\u00bbrow_full_center_content\u00a0\u00bb row_meta_color=\u00a0\u00bbfalse\u00a0\u00bb padding_top=\u00a0\u00bb70&Prime;][vc_column width=\u00a0\u00bb1\/3&Prime;][\/vc_column][vc_column width=\u00a0\u00bb1\/3&Prime;][\/vc_column][vc_column width=\u00a0\u00bb1\/3&Prime;][\/vc_column][\/vc_row][vc_row row_type=\u00a0\u00bbrow_full_center_content\u00a0\u00bb padding_top=\u00a0\u00bb80&Prime; padding_bottom=\u00a0\u00bb60&Prime;][vc_column width=\u00a0\u00bb1\/2&Prime;][\/vc_column][vc_column width=\u00a0\u00bb1\/2&Prime;][\/vc_column][\/vc_row]<\/p>\n","protected":false},"author":6,"featured_media":0,"parent":0,"menu_order":0,"comment_status":"open","ping_status":"open","template":"","meta":{"footnotes":""},"class_list":["post-623","page","type-page","status-publish","hentry"],"_links":{"self":[{"href":"https:\/\/www.locmat04.com\/index.php\/wp-json\/wp\/v2\/pages\/623","targetHints":{"allow":["GET"]}}],"collection":[{"href":"https:\/\/www.locmat04.com\/index.php\/wp-json\/wp\/v2\/pages"}],"about":[{"href":"https:\/\/www.locmat04.com\/index.php\/wp-json\/wp\/v2\/types\/page"}],"author":[{"embeddable":true,"href":"https:\/\/www.locmat04.com\/index.php\/wp-json\/wp\/v2\/users\/6"}],"replies":[{"embeddable":true,"href":"https:\/\/www.locmat04.com\/index.php\/wp-json\/wp\/v2\/comments?post=623"}],"version-history":[{"count":26,"href":"https:\/\/www.locmat04.com\/index.php\/wp-json\/wp\/v2\/pages\/623\/revisions"}],"predecessor-version":[{"id":1879,"href":"https:\/\/www.locmat04.com\/index.php\/wp-json\/wp\/v2\/pages\/623\/revisions\/1879"}],"wp:attachment":[{"href":"https:\/\/www.locmat04.com\/index.php\/wp-json\/wp\/v2\/media?parent=623"}],"curies":[{"name":"wp","href":"https:\/\/api.w.org\/{rel}","templated":true}]}}